{"id":2310,"date":"2023-12-07T13:35:13","date_gmt":"2023-12-07T12:35:13","guid":{"rendered":"https:\/\/kopingsmusteri.se\/?page_id=2310"},"modified":"2023-12-07T13:36:04","modified_gmt":"2023-12-07T12:36:04","slug":"svar-pa-fragesport","status":"publish","type":"page","link":"https:\/\/kopingsmusteri.se\/en\/svar-pa-fragesport\/","title":{"rendered":"Svar p\u00e5 fr\u00e5gesport"},"content":{"rendered":"<style>.kb-row-layout-id2310_569024-4d > .kt-row-column-wrap{align-content:start;}:where(.kb-row-layout-id2310_569024-4d > .kt-row-column-wrap) > .wp-block-kadence-column{justify-content:start;}.kb-row-layout-id2310_569024-4d > .kt-row-column-wrap{column-gap:var(--global-kb-gap-md, 2rem);row-gap:var(--global-kb-gap-md, 2rem);max-width:700px;margin-left:auto;margin-right:auto;padding-top:var(--global-kb-spacing-5xl, 10rem);padding-bottom:var(--global-kb-spacing-5xl, 10rem);grid-template-columns:minmax(0, 1fr);}.kb-row-layout-id2310_569024-4d{background-image:url('https:\/\/kopingsmusteri.se\/\/wp-content\/uploads\/2023\/11\/Johanna-plockar-applen-2_andreas_hylthen_.jpg');background-size:cover;background-position:42% 89%;background-attachment:scroll;background-repeat:no-repeat;}.kb-row-layout-id2310_569024-4d > .kt-row-layout-overlay{opacity:0.45;background-color:var(--global-palette3, #1A202C);mix-blend-mode:normal;}@media all and (max-width: 1024px){.kb-row-layout-id2310_569024-4d > .kt-row-column-wrap{grid-template-columns:minmax(0, 1fr);}}@media all and (max-width: 767px){.kb-row-layout-id2310_569024-4d > .kt-row-column-wrap{grid-template-columns:minmax(0, 1fr);}}<\/style><div class=\"kb-row-layout-wrap kb-row-layout-id2310_569024-4d alignnone kt-row-has-bg wp-block-kadence-rowlayout\"><div class=\"kt-row-layout-overlay kt-row-overlay-normal\"><\/div><div class=\"kt-row-column-wrap kt-has-1-columns kt-row-layout-equal kt-tab-layout-inherit kt-mobile-layout-row kt-row-valign-top\">\n<style>.kadence-column2310_baa986-53 > .kt-inside-inner-col,.kadence-column2310_baa986-53 > .kt-inside-inner-col:before{border-top-left-radius:0px;border-top-right-radius:0px;border-bottom-right-radius:0px;border-bottom-left-radius:0px;}.kadence-column2310_baa986-53 > .kt-inside-inner-col{column-gap:var(--global-kb-gap-sm, 1rem);}.kadence-column2310_baa986-53 > .kt-inside-inner-col{flex-direction:column;}.kadence-column2310_baa986-53 > .kt-inside-inner-col > .aligncenter{width:100%;}.kadence-column2310_baa986-53 > .kt-inside-inner-col:before{opacity:0.3;}.kadence-column2310_baa986-53{position:relative;}@media all and (max-width: 1024px){.kadence-column2310_baa986-53 > .kt-inside-inner-col{flex-direction:column;justify-content:center;}}@media all and (max-width: 767px){.kadence-column2310_baa986-53 > .kt-inside-inner-col{flex-direction:column;justify-content:center;}}<\/style>\n<div class=\"wp-block-kadence-column kadence-column2310_baa986-53\"><div class=\"kt-inside-inner-col\"><style>.wp-block-kadence-advancedheading.kt-adv-heading2310_ddd86d-32, .wp-block-kadence-advancedheading.kt-adv-heading2310_ddd86d-32[data-kb-block=\"kb-adv-heading2310_ddd86d-32\"]{text-align:center;font-style:normal;}.wp-block-kadence-advancedheading.kt-adv-heading2310_ddd86d-32 mark.kt-highlight, .wp-block-kadence-advancedheading.kt-adv-heading2310_ddd86d-32[data-kb-block=\"kb-adv-heading2310_ddd86d-32\"] mark.kt-highlight{font-style:normal;color:#f76a0c;-webkit-box-decoration-break:clone;box-decoration-break:clone;padding-top:0px;padding-right:0px;padding-bottom:0px;padding-left:0px;}.wp-block-kadence-advancedheading.kt-adv-heading2310_ddd86d-32 img.kb-inline-image, .wp-block-kadence-advancedheading.kt-adv-heading2310_ddd86d-32[data-kb-block=\"kb-adv-heading2310_ddd86d-32\"] img.kb-inline-image{width:150px;vertical-align:baseline;}<\/style>\n<h2 class=\"kt-adv-heading2310_ddd86d-32 wp-block-kadence-advancedheading has-theme-palette-9-color has-text-color\" data-kb-block=\"kb-adv-heading2310_ddd86d-32\">Svar p\u00e5 fr\u00e5gesport<\/h2>\n\n\n<style>.wp-block-kadence-advancedheading.kt-adv-heading2310_27818f-4d, .wp-block-kadence-advancedheading.kt-adv-heading2310_27818f-4d[data-kb-block=\"kb-adv-heading2310_27818f-4d\"]{text-align:center;font-style:normal;}.wp-block-kadence-advancedheading.kt-adv-heading2310_27818f-4d mark.kt-highlight, .wp-block-kadence-advancedheading.kt-adv-heading2310_27818f-4d[data-kb-block=\"kb-adv-heading2310_27818f-4d\"] mark.kt-highlight{font-style:normal;color:#f76a0c;-webkit-box-decoration-break:clone;box-decoration-break:clone;padding-top:0px;padding-right:0px;padding-bottom:0px;padding-left:0px;}.wp-block-kadence-advancedheading.kt-adv-heading2310_27818f-4d img.kb-inline-image, .wp-block-kadence-advancedheading.kt-adv-heading2310_27818f-4d[data-kb-block=\"kb-adv-heading2310_27818f-4d\"] img.kb-inline-image{width:150px;vertical-align:baseline;}<\/style>\n<p class=\"kt-adv-heading2310_27818f-4d wp-block-kadence-advancedheading has-theme-palette-9-color has-text-color\" data-kb-block=\"kb-adv-heading2310_27818f-4d\"><\/p>\n<\/div><\/div>\n\n<\/div><\/div>\n\n<style>.kb-row-layout-id2310_56ba06-c1 > .kt-row-column-wrap{align-content:center;}:where(.kb-row-layout-id2310_56ba06-c1 > .kt-row-column-wrap) > .wp-block-kadence-column{justify-content:center;}.kb-row-layout-id2310_56ba06-c1 > .kt-row-column-wrap{column-gap:var(--global-kb-gap-lg, 4rem);row-gap:var(--global-kb-gap-md, 2rem);max-width:var( --global-content-width, 1290px );padding-left:var(--global-content-edge-padding);padding-right:var(--global-content-edge-padding);padding-top:var(--global-kb-spacing-md, 2rem);padding-bottom:var(--global-kb-spacing-3xl, 6.5rem);grid-template-columns:repeat(2, minmax(0, 1fr));}.kb-row-layout-id2310_56ba06-c1 > .kt-row-layout-overlay{opacity:1;background-color:var(--global-palette8, #F7FAFC);mix-blend-mode:normal;}.kb-row-layout-id2310_56ba06-c1 .kt-row-layout-bottom-sep{height:35px;}.kb-row-layout-id2310_56ba06-c1 .kt-row-layout-bottom-sep svg{width:100%;}.kb-row-layout-id2310_56ba06-c1 .kt-row-layout-bottom-sep svg{fill:#ffffff!important;}@media all and (max-width: 1024px){.kb-row-layout-id2310_56ba06-c1 > .kt-row-column-wrap{grid-template-columns:minmax(0, 1fr);}}@media all and (max-width: 1024px){.kb-row-layout-id2310_56ba06-c1 .kt-row-layout-bottom-sep{height:px;}}@media all and (max-width: 1024px){.kb-row-layout-id2310_56ba06-c1 .kt-row-layout-bottom-sep svg{width:%;}}@media all and (max-width: 767px){.kb-row-layout-id2310_56ba06-c1 > .kt-row-column-wrap{padding-top:var(--global-kb-spacing-md, 2rem);grid-template-columns:minmax(0, 1fr);}.kb-row-layout-id2310_56ba06-c1 .kt-row-layout-bottom-sep{height:px;}.kb-row-layout-id2310_56ba06-c1 .kt-row-layout-bottom-sep svg{width:%;}}<\/style><div class=\"kb-row-layout-wrap kb-row-layout-id2310_56ba06-c1 alignfull has-theme-palette9-background-color kt-row-has-bg wp-block-kadence-rowlayout\"><div class=\"kt-row-layout-overlay kt-row-overlay-normal\"><\/div><div class=\"kt-row-column-wrap kt-has-2-columns kt-row-layout-equal kt-tab-layout-row kt-mobile-layout-row kt-row-valign-middle kb-theme-content-width\">\n<style>.kadence-column2310_e2627f-c6 > .kt-inside-inner-col,.kadence-column2310_e2627f-c6 > .kt-inside-inner-col:before{border-top-left-radius:0px;border-top-right-radius:0px;border-bottom-right-radius:0px;border-bottom-left-radius:0px;}.kadence-column2310_e2627f-c6 > .kt-inside-inner-col{column-gap:var(--global-kb-gap-sm, 1rem);}.kadence-column2310_e2627f-c6 > .kt-inside-inner-col{flex-direction:column;}.kadence-column2310_e2627f-c6 > .kt-inside-inner-col > .aligncenter{width:100%;}.kadence-column2310_e2627f-c6 > .kt-inside-inner-col:before{opacity:0.3;}.kadence-column2310_e2627f-c6{text-align:left;}.kadence-column2310_e2627f-c6{position:relative;}@media all and (max-width: 1024px){.kadence-column2310_e2627f-c6 > .kt-inside-inner-col{flex-direction:column;justify-content:center;}}@media all and (max-width: 767px){.kadence-column2310_e2627f-c6 > .kt-inside-inner-col{flex-direction:column;justify-content:center;}}<\/style>\n<div class=\"wp-block-kadence-column kadence-column2310_e2627f-c6 inner-column-1\"><div class=\"kt-inside-inner-col\"><style>.wp-block-kadence-advancedheading.kt-adv-heading2310_fea1e2-f0, .wp-block-kadence-advancedheading.kt-adv-heading2310_fea1e2-f0[data-kb-block=\"kb-adv-heading2310_fea1e2-f0\"]{display:block;text-align:left;font-size:var(--global-kb-font-size-sm, 0.9rem);line-height:1;font-style:normal;text-transform:uppercase;letter-spacing:2px;}.wp-block-kadence-advancedheading.kt-adv-heading2310_fea1e2-f0 mark.kt-highlight, .wp-block-kadence-advancedheading.kt-adv-heading2310_fea1e2-f0[data-kb-block=\"kb-adv-heading2310_fea1e2-f0\"] mark.kt-highlight{font-style:normal;color:#f76a0c;-webkit-box-decoration-break:clone;box-decoration-break:clone;padding-top:0px;padding-right:0px;padding-bottom:0px;padding-left:0px;}.wp-block-kadence-advancedheading.kt-adv-heading2310_fea1e2-f0 img.kb-inline-image, .wp-block-kadence-advancedheading.kt-adv-heading2310_fea1e2-f0[data-kb-block=\"kb-adv-heading2310_fea1e2-f0\"] img.kb-inline-image{width:150px;vertical-align:baseline;}<\/style>\n<span class=\"kt-adv-heading2310_fea1e2-f0 wp-block-kadence-advancedheading has-theme-palette-1-color has-text-color\" data-kb-block=\"kb-adv-heading2310_fea1e2-f0\"><strong>K\u00d6PINGS MUSTERI<\/strong><\/span>\n\n\n\n<p><br>\u00c4ppelmusten ni har framf\u00f6r er \u00e4r en produkt av bra samarbete mellan \u00e4ppelodlare, f\u00f6r\u00e4dlare, butik och kund. Tillsammans g\u00f6r vi skillnad! Alla tj\u00e4nar p\u00e5 lokala samarbeten &#8211; f\u00f6retagen, de anst\u00e4llda, klimatet och kunden.<\/p>\n\n\n\n<p><strong>Svar p\u00e5 fr\u00e5gorna:&nbsp;<\/strong><\/p>\n\n\n\n<ol class=\"wp-block-list\">\n<li>New York<\/li>\n\n\n\n<li>Ingrid Marie<\/li>\n\n\n\n<li>Tyngdlagen<\/li>\n\n\n\n<li>Kazakstan<\/li>\n<\/ol>\n\n\n\n<p>Tack f\u00f6r att du deltog! V\u00e4lkommen till oss p\u00e5 en provning och en visning. F\u00f6r alla \u00e5ldrar och alla smaker<\/p>\n<\/div><\/div>\n\n\n<style>.kadence-column2310_a3f434-d0 > .kt-inside-inner-col,.kadence-column2310_a3f434-d0 > .kt-inside-inner-col:before{border-top-left-radius:0px;border-top-right-radius:0px;border-bottom-right-radius:0px;border-bottom-left-radius:0px;}.kadence-column2310_a3f434-d0 > .kt-inside-inner-col{column-gap:var(--global-kb-gap-sm, 1rem);}.kadence-column2310_a3f434-d0 > .kt-inside-inner-col{flex-direction:column;}.kadence-column2310_a3f434-d0 > .kt-inside-inner-col > .aligncenter{width:100%;}.kadence-column2310_a3f434-d0 > .kt-inside-inner-col:before{opacity:0.3;}.kadence-column2310_a3f434-d0{position:relative;}@media all and (max-width: 1024px){.kadence-column2310_a3f434-d0 > .kt-inside-inner-col{flex-direction:column;justify-content:center;}}@media all and (max-width: 767px){.kadence-column2310_a3f434-d0 > .kt-inside-inner-col{flex-direction:column;justify-content:center;}}<\/style>\n<div class=\"wp-block-kadence-column kadence-column2310_a3f434-d0\"><div class=\"kt-inside-inner-col\"><style>.kb-row-layout-id2310_b4d751-2f > .kt-row-column-wrap{align-content:center;}:where(.kb-row-layout-id2310_b4d751-2f > .kt-row-column-wrap) > .wp-block-kadence-column{justify-content:center;}.kb-row-layout-id2310_b4d751-2f > .kt-row-column-wrap{column-gap:var(--global-kb-gap-md, 2rem);row-gap:var(--global-kb-gap-md, 2rem);padding-top:var(--global-kb-spacing-sm, 1.5rem);padding-bottom:var(--global-kb-spacing-sm, 1.5rem);grid-template-columns:minmax(0, calc(60% - ((var(--global-kb-gap-md, 2rem) * 1 )\/2)))minmax(0, calc(40% - ((var(--global-kb-gap-md, 2rem) * 1 )\/2)));}.kb-row-layout-id2310_b4d751-2f > .kt-row-layout-overlay{opacity:0.30;}@media all and (max-width: 1024px){.kb-row-layout-id2310_b4d751-2f > .kt-row-column-wrap{grid-template-columns:minmax(0, 2fr) minmax(0, 1fr);}}@media all and (max-width: 767px){.kb-row-layout-id2310_b4d751-2f > .kt-row-column-wrap{grid-template-columns:minmax(0, 1fr);}}<\/style><div class=\"kb-row-layout-wrap kb-row-layout-id2310_b4d751-2f alignnone wp-block-kadence-rowlayout\"><div class=\"kt-row-column-wrap kt-has-2-columns kt-row-layout-left-golden kt-tab-layout-inherit kt-mobile-layout-row kt-row-valign-middle\">\n<style>.kadence-column2310_a655b2-f9 > .kt-inside-inner-col,.kadence-column2310_a655b2-f9 > .kt-inside-inner-col:before{border-top-left-radius:0px;border-top-right-radius:0px;border-bottom-right-radius:0px;border-bottom-left-radius:0px;}.kadence-column2310_a655b2-f9 > .kt-inside-inner-col{column-gap:var(--global-kb-gap-sm, 1rem);}.kadence-column2310_a655b2-f9 > .kt-inside-inner-col{flex-direction:column;}.kadence-column2310_a655b2-f9 > .kt-inside-inner-col > .aligncenter{width:100%;}.kadence-column2310_a655b2-f9 > .kt-inside-inner-col:before{opacity:0.3;}.kadence-column2310_a655b2-f9{position:relative;}@media all and (max-width: 1024px){.kadence-column2310_a655b2-f9 > .kt-inside-inner-col{flex-direction:column;justify-content:center;}}@media all and (max-width: 767px){.kadence-column2310_a655b2-f9 > .kt-inside-inner-col{flex-direction:column;justify-content:center;}}<\/style>\n<div class=\"wp-block-kadence-column kadence-column2310_a655b2-f9\"><div class=\"kt-inside-inner-col\"><style>.kb-image2310_d096f2-24 .kb-image-has-overlay:after{opacity:0.3;border-top-left-radius:10px;border-top-right-radius:10px;border-bottom-right-radius:10px;border-bottom-left-radius:10px;}.kb-image2310_d096f2-24 img.kb-img, .kb-image2310_d096f2-24 .kb-img img{border-top-left-radius:10px;border-top-right-radius:10px;border-bottom-right-radius:10px;border-bottom-left-radius:10px;filter:drop-shadow(0px 0px 14px rgba(0, 0, 0, 0.2));}<\/style>\n<figure class=\"wp-block-kadence-image kb-image2310_d096f2-24 kb-image-is-ratio-size\"><div class=\"kb-is-ratio-image kb-image-ratio-port34\"><img decoding=\"async\" src=\"https:\/\/kopingsmusteri.se\/wp-content\/uploads\/Present-egen-mustprovning-1.jpg\" alt=\"\" class=\"kb-img wp-image-2068\"\/><\/div><\/figure>\n<\/div><\/div>\n\n\n<style>.kadence-column2310_8ff6ed-62 > .kt-inside-inner-col,.kadence-column2310_8ff6ed-62 > .kt-inside-inner-col:before{border-top-left-radius:0px;border-top-right-radius:0px;border-bottom-right-radius:0px;border-bottom-left-radius:0px;}.kadence-column2310_8ff6ed-62 > .kt-inside-inner-col{column-gap:var(--global-kb-gap-sm, 1rem);}.kadence-column2310_8ff6ed-62 > .kt-inside-inner-col{flex-direction:column;}.kadence-column2310_8ff6ed-62 > .kt-inside-inner-col > .aligncenter{width:100%;}.kadence-column2310_8ff6ed-62 > .kt-inside-inner-col:before{opacity:0.3;}.kadence-column2310_8ff6ed-62{position:relative;}@media all and (max-width: 1024px){.kadence-column2310_8ff6ed-62 > .kt-inside-inner-col{flex-direction:column;justify-content:center;}}@media all and (max-width: 767px){.kadence-column2310_8ff6ed-62 > .kt-inside-inner-col{flex-direction:column;justify-content:center;}}<\/style>\n<div class=\"wp-block-kadence-column kadence-column2310_8ff6ed-62\"><div class=\"kt-inside-inner-col\"><style>.wp-block-kadence-image.kb-image2310_e688ca-04:not(.kb-specificity-added):not(.kb-extra-specificity-added){margin-bottom:var(--global-kb-spacing-md, 2rem);}.kb-image2310_e688ca-04 .kb-image-has-overlay:after{opacity:0.3;border-top-left-radius:10px;border-top-right-radius:10px;border-bottom-right-radius:10px;border-bottom-left-radius:10px;}.kb-image2310_e688ca-04 img.kb-img, .kb-image2310_e688ca-04 .kb-img img{border-top-left-radius:10px;border-top-right-radius:10px;border-bottom-right-radius:10px;border-bottom-left-radius:10px;filter:drop-shadow(0px 0px 14px rgba(0, 0, 0, 0.2));}<\/style>\n<figure class=\"wp-block-kadence-image kb-image2310_e688ca-04 size-large kb-image-is-ratio-size\"><div class=\"kb-is-ratio-image kb-image-ratio-square\"><img loading=\"lazy\" decoding=\"async\" width=\"683\" height=\"1024\" src=\"https:\/\/kopingsmusteri.se\/wp-content\/uploads\/Butiken-blir-julskyltad-683x1024.jpg\" alt=\"\" class=\"kb-img wp-image-2254\" srcset=\"https:\/\/kopingsmusteri.se\/wp-content\/uploads\/Butiken-blir-julskyltad-683x1024.jpg 683w, https:\/\/kopingsmusteri.se\/wp-content\/uploads\/Butiken-blir-julskyltad-200x300.jpg 200w, https:\/\/kopingsmusteri.se\/wp-content\/uploads\/Butiken-blir-julskyltad-100x150.jpg 100w, https:\/\/kopingsmusteri.se\/wp-content\/uploads\/Butiken-blir-julskyltad-768x1152.jpg 768w, https:\/\/kopingsmusteri.se\/wp-content\/uploads\/Butiken-blir-julskyltad-300x450.jpg 300w, https:\/\/kopingsmusteri.se\/wp-content\/uploads\/Butiken-blir-julskyltad-600x900.jpg 600w, https:\/\/kopingsmusteri.se\/wp-content\/uploads\/Butiken-blir-julskyltad.jpg 816w\" sizes=\"auto, (max-width: 683px) 100vw, 683px\" \/><\/div><\/figure>\n\n\n<style>.kb-image2310_465288-73 .kb-image-has-overlay:after{opacity:0.3;border-top-left-radius:10px;border-top-right-radius:10px;border-bottom-right-radius:10px;border-bottom-left-radius:10px;}.kb-image2310_465288-73 img.kb-img, .kb-image2310_465288-73 .kb-img img{border-top-left-radius:10px;border-top-right-radius:10px;border-bottom-right-radius:10px;border-bottom-left-radius:10px;filter:drop-shadow(0px 0px 14px rgba(0, 0, 0, 0.2));}<\/style>\n<figure class=\"wp-block-kadence-image kb-image2310_465288-73 size-large kb-image-is-ratio-size\"><div class=\"kb-is-ratio-image kb-image-ratio-square\"><img loading=\"lazy\" decoding=\"async\" width=\"1024\" height=\"1024\" src=\"https:\/\/kopingsmusteri.se\/wp-content\/uploads\/2023\/11\/Johanna-plockar-applen_andreas_hylthen_-1024x1024.jpg\" alt=\"\" class=\"kb-img wp-image-1134\" srcset=\"https:\/\/kopingsmusteri.se\/wp-content\/uploads\/2023\/11\/Johanna-plockar-applen_andreas_hylthen_-1024x1024.jpg 1024w, https:\/\/kopingsmusteri.se\/wp-content\/uploads\/2023\/11\/Johanna-plockar-applen_andreas_hylthen_-300x300.jpg 300w, https:\/\/kopingsmusteri.se\/wp-content\/uploads\/2023\/11\/Johanna-plockar-applen_andreas_hylthen_-100x100.jpg 100w, https:\/\/kopingsmusteri.se\/wp-content\/uploads\/2023\/11\/Johanna-plockar-applen_andreas_hylthen_-600x600.jpg 600w, https:\/\/kopingsmusteri.se\/wp-content\/uploads\/2023\/11\/Johanna-plockar-applen_andreas_hylthen_-150x150.jpg 150w, https:\/\/kopingsmusteri.se\/wp-content\/uploads\/2023\/11\/Johanna-plockar-applen_andreas_hylthen_-768x768.jpg 768w, https:\/\/kopingsmusteri.se\/wp-content\/uploads\/2023\/11\/Johanna-plockar-applen_andreas_hylthen_.jpg 1080w\" sizes=\"auto, (max-width: 1024px) 100vw, 1024px\" \/><\/div><\/figure>\n<\/div><\/div>\n\n<\/div><\/div><\/div><\/div>\n\n<\/div><\/div>","protected":false},"excerpt":{"rendered":"<p>Svar p\u00e5 fr\u00e5gesport K\u00d6PINGS MUSTERI \u00c4ppelmusten ni har framf\u00f6r er \u00e4r en produkt av bra samarbete mellan \u00e4ppelodlare, f\u00f6r\u00e4dlare, butik och kund. Tillsammans g\u00f6r vi skillnad! Alla tj\u00e4nar p\u00e5 lokala samarbeten &#8211; f\u00f6retagen, de anst\u00e4llda, klimatet och kunden. Svar p\u00e5 fr\u00e5gorna:&nbsp; Tack f\u00f6r att du deltog! V\u00e4lkommen till oss p\u00e5 en provning och en visning&#8230;.<\/p>","protected":false},"author":1,"featured_media":0,"parent":0,"menu_order":0,"comment_status":"closed","ping_status":"closed","template":"","meta":{"_kad_post_transparent":"","_kad_post_title":"","_kad_post_layout":"","_kad_post_sidebar_id":"","_kad_post_content_style":"","_kad_post_vertical_padding":"","_kad_post_feature":"","_kad_post_feature_position":"","_kad_post_header":false,"_kad_post_footer":false,"_kad_post_classname":"","footnotes":""},"class_list":["post-2310","page","type-page","status-publish","hentry"],"_links":{"self":[{"href":"https:\/\/kopingsmusteri.se\/en\/wp-json\/wp\/v2\/pages\/2310","targetHints":{"allow":["GET"]}}],"collection":[{"href":"https:\/\/kopingsmusteri.se\/en\/wp-json\/wp\/v2\/pages"}],"about":[{"href":"https:\/\/kopingsmusteri.se\/en\/wp-json\/wp\/v2\/types\/page"}],"author":[{"embeddable":true,"href":"https:\/\/kopingsmusteri.se\/en\/wp-json\/wp\/v2\/users\/1"}],"replies":[{"embeddable":true,"href":"https:\/\/kopingsmusteri.se\/en\/wp-json\/wp\/v2\/comments?post=2310"}],"version-history":[{"count":2,"href":"https:\/\/kopingsmusteri.se\/en\/wp-json\/wp\/v2\/pages\/2310\/revisions"}],"predecessor-version":[{"id":2312,"href":"https:\/\/kopingsmusteri.se\/en\/wp-json\/wp\/v2\/pages\/2310\/revisions\/2312"}],"wp:attachment":[{"href":"https:\/\/kopingsmusteri.se\/en\/wp-json\/wp\/v2\/media?parent=2310"}],"curies":[{"name":"wp","href":"https:\/\/api.w.org\/{rel}","templated":true}]}}