{"id":1360,"date":"2023-11-19T10:21:15","date_gmt":"2023-11-19T10:21:15","guid":{"rendered":"https:\/\/kopingsmusteri.se\/\/?post_type=product&#038;p=1360"},"modified":"2025-11-25T14:02:50","modified_gmt":"2025-11-25T13:02:50","slug":"must-blackcurrant-apple","status":"publish","type":"product","link":"https:\/\/kopingsmusteri.se\/en\/product\/must-blackcurrant-apple\/","title":{"rendered":"Must &#8211; Blackcurrant &#038; Apple KRAV 25cl"},"content":{"rendered":"<p><span style=\"font-weight: 400;\">Ekologisk must p\u00e5 \u00e4pplen fr\u00e5n Bergs \u00c4ppelodling och svarta vinb\u00e4r fr\u00e5n Lappland<\/span><\/p>","protected":false},"excerpt":{"rendered":"<p>Ekologisk must p\u00e5 \u00e4pplen fr\u00e5n Bergs \u00c4ppelodling och svarta vinb\u00e4r fr\u00e5n Lappland<\/p>","protected":false},"featured_media":3348,"comment_status":"open","ping_status":"closed","template":"","meta":{"_kad_post_transparent":"default","_kad_post_title":"","_kad_post_layout":"default","_kad_post_sidebar_id":"","_kad_post_content_style":"default","_kad_post_vertical_padding":"default","_kad_post_feature":"","_kad_post_feature_position":"","_kad_post_header":false,"_kad_post_footer":false,"_kad_post_classname":""},"product_brand":[],"product_cat":[23],"product_tag":[],"class_list":{"0":"post-1360","1":"product","2":"type-product","3":"status-publish","4":"has-post-thumbnail","6":"product_cat-vara-muster","8":"first","9":"instock","10":"taxable","11":"shipping-taxable","12":"product-type-simple","13":"entry","14":"content-bg","15":"loop-entry"},"_links":{"self":[{"href":"https:\/\/kopingsmusteri.se\/en\/wp-json\/wp\/v2\/product\/1360","targetHints":{"allow":["GET"]}}],"collection":[{"href":"https:\/\/kopingsmusteri.se\/en\/wp-json\/wp\/v2\/product"}],"about":[{"href":"https:\/\/kopingsmusteri.se\/en\/wp-json\/wp\/v2\/types\/product"}],"replies":[{"embeddable":true,"href":"https:\/\/kopingsmusteri.se\/en\/wp-json\/wp\/v2\/comments?post=1360"}],"wp:featuredmedia":[{"embeddable":true,"href":"https:\/\/kopingsmusteri.se\/en\/wp-json\/wp\/v2\/media\/3348"}],"wp:attachment":[{"href":"https:\/\/kopingsmusteri.se\/en\/wp-json\/wp\/v2\/media?parent=1360"}],"wp:term":[{"taxonomy":"product_brand","embeddable":true,"href":"https:\/\/kopingsmusteri.se\/en\/wp-json\/wp\/v2\/product_brand?post=1360"},{"taxonomy":"product_cat","embeddable":true,"href":"https:\/\/kopingsmusteri.se\/en\/wp-json\/wp\/v2\/product_cat?post=1360"},{"taxonomy":"product_tag","embeddable":true,"href":"https:\/\/kopingsmusteri.se\/en\/wp-json\/wp\/v2\/product_tag?post=1360"}],"curies":[{"name":"wp","href":"https:\/\/api.w.org\/{rel}","templated":true}]}}