{"id":1773,"date":"2023-11-24T07:28:40","date_gmt":"2023-11-24T07:28:40","guid":{"rendered":"https:\/\/kopingsmusteri.se\/\/?post_type=product&#038;p=1773"},"modified":"2025-11-25T13:59:44","modified_gmt":"2025-11-25T12:59:44","slug":"must-strawberry-apple-25cl","status":"publish","type":"product","link":"https:\/\/kopingsmusteri.se\/en\/product\/must-strawberry-apple-25cl\/","title":{"rendered":"A Must \u2013 Strawberry &amp; Apple 25cl"},"content":{"rendered":"<p><span style=\"font-weight: 400;\">Must p\u00e5 \u00e4pplen fr\u00e5n Bergs \u00c4ppelg\u00e5rd och jordgubbar fr\u00e5n V\u00e4rpeby B\u00e4r. Doftar syrliga jordgubbar, snudd p\u00e5 jordgubbskr\u00e4m. Doften representerar smaken v\u00e4l. Ganska syrlig, h\u00e4rliga jordgubbar och friskt \u00e4pplig.<\/span><\/p>","protected":false},"excerpt":{"rendered":"<p>Must p\u00e5 \u00e4pplen fr\u00e5n Bergs \u00c4ppelg\u00e5rd och jordgubbar fr\u00e5n V\u00e4rpeby B\u00e4r. Doftar syrliga jordgubbar, snudd p\u00e5 jordgubbskr\u00e4m. Doften representerar smaken v\u00e4l. Ganska syrlig, h\u00e4rliga jordgubbar och friskt \u00e4pplig.<\/p>","protected":false},"featured_media":3347,"comment_status":"open","ping_status":"closed","template":"","meta":{"_kad_post_transparent":"default","_kad_post_title":"","_kad_post_layout":"default","_kad_post_sidebar_id":"","_kad_post_content_style":"default","_kad_post_vertical_padding":"default","_kad_post_feature":"","_kad_post_feature_position":"","_kad_post_header":false,"_kad_post_footer":false,"_kad_post_classname":""},"product_brand":[],"product_cat":[23],"product_tag":[],"class_list":{"0":"post-1773","1":"product","2":"type-product","3":"status-publish","4":"has-post-thumbnail","6":"product_cat-vara-muster","8":"first","9":"instock","10":"taxable","11":"shipping-taxable","12":"product-type-simple","13":"entry","14":"content-bg","15":"loop-entry"},"_links":{"self":[{"href":"https:\/\/kopingsmusteri.se\/en\/wp-json\/wp\/v2\/product\/1773","targetHints":{"allow":["GET"]}}],"collection":[{"href":"https:\/\/kopingsmusteri.se\/en\/wp-json\/wp\/v2\/product"}],"about":[{"href":"https:\/\/kopingsmusteri.se\/en\/wp-json\/wp\/v2\/types\/product"}],"replies":[{"embeddable":true,"href":"https:\/\/kopingsmusteri.se\/en\/wp-json\/wp\/v2\/comments?post=1773"}],"wp:featuredmedia":[{"embeddable":true,"href":"https:\/\/kopingsmusteri.se\/en\/wp-json\/wp\/v2\/media\/3347"}],"wp:attachment":[{"href":"https:\/\/kopingsmusteri.se\/en\/wp-json\/wp\/v2\/media?parent=1773"}],"wp:term":[{"taxonomy":"product_brand","embeddable":true,"href":"https:\/\/kopingsmusteri.se\/en\/wp-json\/wp\/v2\/product_brand?post=1773"},{"taxonomy":"product_cat","embeddable":true,"href":"https:\/\/kopingsmusteri.se\/en\/wp-json\/wp\/v2\/product_cat?post=1773"},{"taxonomy":"product_tag","embeddable":true,"href":"https:\/\/kopingsmusteri.se\/en\/wp-json\/wp\/v2\/product_tag?post=1773"}],"curies":[{"name":"wp","href":"https:\/\/api.w.org\/{rel}","templated":true}]}}