{"id":1775,"date":"2023-11-24T07:29:07","date_gmt":"2023-11-24T07:29:07","guid":{"rendered":"https:\/\/kopingsmusteri.se\/\/?post_type=product&#038;p=1775"},"modified":"2025-01-07T16:29:52","modified_gmt":"2025-01-07T15:29:52","slug":"must-lingonberry-apple","status":"publish","type":"product","link":"https:\/\/kopingsmusteri.se\/en\/product\/must-lingonberry-apple\/","title":{"rendered":"Must &#8211; Lingonberry &#038; Apple 25cl"},"content":{"rendered":"<p><span style=\"font-weight: 400;\">Must p\u00e5 \u00e4pplet Amorosa fr\u00e5n Bergs \u00c4ppelg\u00e5rd och lingon fr\u00e5n Norrlands skogar. L\u00e4tt doft av lingon och skog. Med \u00e4pplet i bakgrunden f\u00e5r drycken en rund smak av lingonen som bidrar med subtil s\u00f6tma fr\u00e5n b\u00e4ret samt syra och textur. Fin till mat!<\/span><\/p>","protected":false},"excerpt":{"rendered":"<p>Must p\u00e5 \u00e4pplet Amorosa fr\u00e5n Bergs \u00c4ppelg\u00e5rd och lingon fr\u00e5n Norrlands skogar. L\u00e4tt doft av lingon och skog. Med \u00e4pplet i bakgrunden f\u00e5r drycken en rund smak av lingonen som bidrar med subtil s\u00f6tma fr\u00e5n b\u00e4ret samt syra och textur. Fin till mat!<\/p>","protected":false},"featured_media":2954,"comment_status":"open","ping_status":"closed","template":"","meta":{"_kad_post_transparent":"default","_kad_post_title":"","_kad_post_layout":"default","_kad_post_sidebar_id":"","_kad_post_content_style":"default","_kad_post_vertical_padding":"default","_kad_post_feature":"","_kad_post_feature_position":"","_kad_post_header":false,"_kad_post_footer":false,"_kad_post_classname":""},"product_brand":[],"product_cat":[23],"product_tag":[],"class_list":{"0":"post-1775","1":"product","2":"type-product","3":"status-publish","4":"has-post-thumbnail","6":"product_cat-vara-muster","8":"first","9":"instock","10":"taxable","11":"shipping-taxable","12":"product-type-simple","13":"entry","14":"content-bg","15":"loop-entry"},"_links":{"self":[{"href":"https:\/\/kopingsmusteri.se\/en\/wp-json\/wp\/v2\/product\/1775","targetHints":{"allow":["GET"]}}],"collection":[{"href":"https:\/\/kopingsmusteri.se\/en\/wp-json\/wp\/v2\/product"}],"about":[{"href":"https:\/\/kopingsmusteri.se\/en\/wp-json\/wp\/v2\/types\/product"}],"replies":[{"embeddable":true,"href":"https:\/\/kopingsmusteri.se\/en\/wp-json\/wp\/v2\/comments?post=1775"}],"wp:featuredmedia":[{"embeddable":true,"href":"https:\/\/kopingsmusteri.se\/en\/wp-json\/wp\/v2\/media\/2954"}],"wp:attachment":[{"href":"https:\/\/kopingsmusteri.se\/en\/wp-json\/wp\/v2\/media?parent=1775"}],"wp:term":[{"taxonomy":"product_brand","embeddable":true,"href":"https:\/\/kopingsmusteri.se\/en\/wp-json\/wp\/v2\/product_brand?post=1775"},{"taxonomy":"product_cat","embeddable":true,"href":"https:\/\/kopingsmusteri.se\/en\/wp-json\/wp\/v2\/product_cat?post=1775"},{"taxonomy":"product_tag","embeddable":true,"href":"https:\/\/kopingsmusteri.se\/en\/wp-json\/wp\/v2\/product_tag?post=1775"}],"curies":[{"name":"wp","href":"https:\/\/api.w.org\/{rel}","templated":true}]}}