{"id":2180,"date":"2023-12-06T23:09:18","date_gmt":"2023-12-06T23:09:18","guid":{"rendered":"https:\/\/kpings.local\/?post_type=product&#038;p=2180"},"modified":"2026-03-30T12:18:09","modified_gmt":"2026-03-30T10:18:09","slug":"cider-fetchingly-bitter","status":"publish","type":"product","link":"https:\/\/kopingsmusteri.se\/en\/product\/cider-fetchingly-bitter\/","title":{"rendered":"Cider &#8211; Fetchingly Bitter"},"content":{"rendered":"<div class=\"elementor-element elementor-element-8e4c13d elementor-widget elementor-widget-text-editor\" data-id=\"8e4c13d\" data-element_type=\"widget\" data-widget_type=\"text-editor.default\">\n<div class=\"elementor-widget-container\">\n<p>6.3% alk vol. En halvtorr cider i traditionell stil j\u00e4st p\u00e5 brittiska cider\u00e4ppelsorter som vi odlar invid cideriet. \u00c4ppelsorterna \u00e4r av kategorin &#8221;bittersweets&#8221; vilket ger cidern dess tanninstruktur och murriga smak av h\u00f6st\u00e4pplen.<\/p>\n<\/div>\n<\/div>\n<div class=\"elementor-element elementor-element-54b042b elementor-widget elementor-widget-toggle\" data-id=\"54b042b\" data-element_type=\"widget\" data-widget_type=\"toggle.default\">\n<div class=\"elementor-widget-container\">\n<div class=\"elementor-toggle\">\n<div class=\"elementor-toggle-item\">\n<div id=\"elementor-tab-title-8881\" class=\"elementor-tab-title elementor-active\" tabindex=\"0\" role=\"button\" data-tab=\"1\" aria-controls=\"elementor-tab-content-8881\" aria-expanded=\"true\" aria-selected=\"true\"><\/div>\n<\/div>\n<\/div>\n<\/div>\n<\/div>","protected":false},"excerpt":{"rendered":"<p>6.3% alk vol. En halvtorr cider i traditionell stil j\u00e4st p\u00e5 brittiska cider\u00e4ppelsorter som vi odlar invid cideriet. \u00c4ppelsorterna \u00e4r av kategorin &#8221;bittersweets&#8221; vilket ger cidern dess tanninstruktur och murriga smak av h\u00f6st\u00e4pplen.<\/p>","protected":false},"featured_media":2984,"comment_status":"open","ping_status":"closed","template":"","meta":{"_kad_post_transparent":"default","_kad_post_title":"","_kad_post_layout":"default","_kad_post_sidebar_id":"","_kad_post_content_style":"default","_kad_post_vertical_padding":"default","_kad_post_feature":"","_kad_post_feature_position":"","_kad_post_header":false,"_kad_post_footer":false,"_kad_post_classname":""},"product_brand":[],"product_cat":[22],"product_tag":[],"class_list":{"0":"post-2180","1":"product","2":"type-product","3":"status-publish","4":"has-post-thumbnail","6":"product_cat-vara-cidrar","8":"first","9":"instock","10":"taxable","11":"shipping-taxable","12":"product-type-simple","13":"entry","14":"content-bg","15":"loop-entry"},"_links":{"self":[{"href":"https:\/\/kopingsmusteri.se\/en\/wp-json\/wp\/v2\/product\/2180","targetHints":{"allow":["GET"]}}],"collection":[{"href":"https:\/\/kopingsmusteri.se\/en\/wp-json\/wp\/v2\/product"}],"about":[{"href":"https:\/\/kopingsmusteri.se\/en\/wp-json\/wp\/v2\/types\/product"}],"replies":[{"embeddable":true,"href":"https:\/\/kopingsmusteri.se\/en\/wp-json\/wp\/v2\/comments?post=2180"}],"wp:featuredmedia":[{"embeddable":true,"href":"https:\/\/kopingsmusteri.se\/en\/wp-json\/wp\/v2\/media\/2984"}],"wp:attachment":[{"href":"https:\/\/kopingsmusteri.se\/en\/wp-json\/wp\/v2\/media?parent=2180"}],"wp:term":[{"taxonomy":"product_brand","embeddable":true,"href":"https:\/\/kopingsmusteri.se\/en\/wp-json\/wp\/v2\/product_brand?post=2180"},{"taxonomy":"product_cat","embeddable":true,"href":"https:\/\/kopingsmusteri.se\/en\/wp-json\/wp\/v2\/product_cat?post=2180"},{"taxonomy":"product_tag","embeddable":true,"href":"https:\/\/kopingsmusteri.se\/en\/wp-json\/wp\/v2\/product_tag?post=2180"}],"curies":[{"name":"wp","href":"https:\/\/api.w.org\/{rel}","templated":true}]}}