{"id":3034,"date":"2025-03-11T06:43:34","date_gmt":"2025-03-11T05:43:34","guid":{"rendered":"https:\/\/kopingsmusteri.se\/?post_type=product&#038;p=3034"},"modified":"2025-11-25T13:42:26","modified_gmt":"2025-11-25T12:42:26","slug":"must-bergsstina-krav","status":"publish","type":"product","link":"https:\/\/kopingsmusteri.se\/en\/product\/must-bergsstina-krav\/","title":{"rendered":"Must &#8211; Bergs Stina KRAV"},"content":{"rendered":"<p><span style=\"font-weight: 400;\">Ekologisk must p\u00e5 \u00e4ppelsorten Bergs Stina fr\u00e5n Bergs \u00e4ppelg\u00e5rd i Hallstahammar.\u00a0<\/span><\/p>","protected":false},"excerpt":{"rendered":"<p>Ekologisk must p\u00e5 \u00e4ppelsorten Bergs Stina fr\u00e5n Bergs \u00e4ppelg\u00e5rd i Hallstahammar.\u00a0<\/p>","protected":false},"featured_media":3334,"comment_status":"open","ping_status":"closed","template":"","meta":{"_kad_post_transparent":"default","_kad_post_title":"","_kad_post_layout":"default","_kad_post_sidebar_id":"","_kad_post_content_style":"default","_kad_post_vertical_padding":"default","_kad_post_feature":"","_kad_post_feature_position":"","_kad_post_header":false,"_kad_post_footer":false,"_kad_post_classname":""},"product_brand":[],"product_cat":[23],"product_tag":[],"class_list":{"0":"post-3034","1":"product","2":"type-product","3":"status-publish","4":"has-post-thumbnail","6":"product_cat-vara-muster","8":"first","9":"instock","10":"taxable","11":"shipping-taxable","12":"product-type-simple","13":"entry","14":"content-bg","15":"loop-entry"},"_links":{"self":[{"href":"https:\/\/kopingsmusteri.se\/en\/wp-json\/wp\/v2\/product\/3034","targetHints":{"allow":["GET"]}}],"collection":[{"href":"https:\/\/kopingsmusteri.se\/en\/wp-json\/wp\/v2\/product"}],"about":[{"href":"https:\/\/kopingsmusteri.se\/en\/wp-json\/wp\/v2\/types\/product"}],"replies":[{"embeddable":true,"href":"https:\/\/kopingsmusteri.se\/en\/wp-json\/wp\/v2\/comments?post=3034"}],"wp:featuredmedia":[{"embeddable":true,"href":"https:\/\/kopingsmusteri.se\/en\/wp-json\/wp\/v2\/media\/3334"}],"wp:attachment":[{"href":"https:\/\/kopingsmusteri.se\/en\/wp-json\/wp\/v2\/media?parent=3034"}],"wp:term":[{"taxonomy":"product_brand","embeddable":true,"href":"https:\/\/kopingsmusteri.se\/en\/wp-json\/wp\/v2\/product_brand?post=3034"},{"taxonomy":"product_cat","embeddable":true,"href":"https:\/\/kopingsmusteri.se\/en\/wp-json\/wp\/v2\/product_cat?post=3034"},{"taxonomy":"product_tag","embeddable":true,"href":"https:\/\/kopingsmusteri.se\/en\/wp-json\/wp\/v2\/product_tag?post=3034"}],"curies":[{"name":"wp","href":"https:\/\/api.w.org\/{rel}","templated":true}]}}