{"id":3035,"date":"2025-03-11T06:44:10","date_gmt":"2025-03-11T05:44:10","guid":{"rendered":"https:\/\/kopingsmusteri.se\/?post_type=product&#038;p=3035"},"modified":"2025-11-25T13:39:40","modified_gmt":"2025-11-25T12:39:40","slug":"must-birgitbonnier-krav","status":"publish","type":"product","link":"https:\/\/kopingsmusteri.se\/en\/product\/must-birgitbonnier-krav\/","title":{"rendered":"Must &#8211; Birgit Bonnier KRAV"},"content":{"rendered":"<p><span style=\"font-weight: 400;\">Ekologisk must p\u00e5 \u00e4ppelsorten Birgit Bonnier fr\u00e5n Bergs \u00e4ppelg\u00e5rd i Hallstahammar.\u00a0<\/span><\/p>","protected":false},"excerpt":{"rendered":"<p>Ekologisk must p\u00e5 \u00e4ppelsorten Birgit Bonnier fr\u00e5n Bergs \u00e4ppelg\u00e5rd i Hallstahammar.\u00a0<\/p>","protected":false},"featured_media":3333,"comment_status":"open","ping_status":"closed","template":"","meta":{"_kad_post_transparent":"default","_kad_post_title":"","_kad_post_layout":"default","_kad_post_sidebar_id":"","_kad_post_content_style":"default","_kad_post_vertical_padding":"default","_kad_post_feature":"","_kad_post_feature_position":"","_kad_post_header":false,"_kad_post_footer":false,"_kad_post_classname":""},"product_brand":[],"product_cat":[23],"product_tag":[],"class_list":{"0":"post-3035","1":"product","2":"type-product","3":"status-publish","4":"has-post-thumbnail","6":"product_cat-vara-muster","8":"first","9":"instock","10":"taxable","11":"shipping-taxable","12":"product-type-simple","13":"entry","14":"content-bg","15":"loop-entry"},"_links":{"self":[{"href":"https:\/\/kopingsmusteri.se\/en\/wp-json\/wp\/v2\/product\/3035","targetHints":{"allow":["GET"]}}],"collection":[{"href":"https:\/\/kopingsmusteri.se\/en\/wp-json\/wp\/v2\/product"}],"about":[{"href":"https:\/\/kopingsmusteri.se\/en\/wp-json\/wp\/v2\/types\/product"}],"replies":[{"embeddable":true,"href":"https:\/\/kopingsmusteri.se\/en\/wp-json\/wp\/v2\/comments?post=3035"}],"wp:featuredmedia":[{"embeddable":true,"href":"https:\/\/kopingsmusteri.se\/en\/wp-json\/wp\/v2\/media\/3333"}],"wp:attachment":[{"href":"https:\/\/kopingsmusteri.se\/en\/wp-json\/wp\/v2\/media?parent=3035"}],"wp:term":[{"taxonomy":"product_brand","embeddable":true,"href":"https:\/\/kopingsmusteri.se\/en\/wp-json\/wp\/v2\/product_brand?post=3035"},{"taxonomy":"product_cat","embeddable":true,"href":"https:\/\/kopingsmusteri.se\/en\/wp-json\/wp\/v2\/product_cat?post=3035"},{"taxonomy":"product_tag","embeddable":true,"href":"https:\/\/kopingsmusteri.se\/en\/wp-json\/wp\/v2\/product_tag?post=3035"}],"curies":[{"name":"wp","href":"https:\/\/api.w.org\/{rel}","templated":true}]}}