{"id":3042,"date":"2025-03-17T10:41:14","date_gmt":"2025-03-17T09:41:14","guid":{"rendered":"https:\/\/kopingsmusteri.se\/?post_type=product&#038;p=3042"},"modified":"2025-05-21T16:29:26","modified_gmt":"2025-05-21T14:29:26","slug":"must-peace-love-bubbles","status":"publish","type":"product","link":"https:\/\/kopingsmusteri.se\/en\/product\/must-peace-love-bubbles\/","title":{"rendered":"Must &#8211; Peace, Love &#038; Bubbles!"},"content":{"rendered":"<p><span style=\"font-weight: 400;\">Mousserande must! Denna kolsyrade dryck har en fr\u00e4sch, s\u00f6t smak av r\u00f6da \u00e4pplen med balanserande syra fr\u00e5n gr\u00f6na plommon och frisk kolsyra. En glad dryck f\u00f6r soliga dagar! \u00c4pplen och plommon odlade ekologiskt i Bergs \u00c4ppelg\u00e5rd.<\/span><\/p>","protected":false},"excerpt":{"rendered":"<p>Mousserande must! Denna kolsyrade dryck har en fr\u00e4sch, s\u00f6t smak av r\u00f6da \u00e4pplen med balanserande syra fr\u00e5n gr\u00f6na plommon och frisk kolsyra. En glad dryck f\u00f6r soliga dagar! \u00c4pplen och plommon odlade ekologiskt i Bergs \u00c4ppelg\u00e5rd.<\/p>","protected":false},"featured_media":3119,"comment_status":"open","ping_status":"closed","template":"","meta":{"_kad_post_transparent":"default","_kad_post_title":"","_kad_post_layout":"default","_kad_post_sidebar_id":"","_kad_post_content_style":"default","_kad_post_vertical_padding":"default","_kad_post_feature":"","_kad_post_feature_position":"","_kad_post_header":false,"_kad_post_footer":false,"_kad_post_classname":""},"product_brand":[],"product_cat":[23],"product_tag":[],"class_list":{"0":"post-3042","1":"product","2":"type-product","3":"status-publish","4":"has-post-thumbnail","6":"product_cat-vara-muster","8":"first","9":"instock","10":"taxable","11":"shipping-taxable","12":"product-type-simple","13":"entry","14":"content-bg","15":"loop-entry"},"_links":{"self":[{"href":"https:\/\/kopingsmusteri.se\/en\/wp-json\/wp\/v2\/product\/3042","targetHints":{"allow":["GET"]}}],"collection":[{"href":"https:\/\/kopingsmusteri.se\/en\/wp-json\/wp\/v2\/product"}],"about":[{"href":"https:\/\/kopingsmusteri.se\/en\/wp-json\/wp\/v2\/types\/product"}],"replies":[{"embeddable":true,"href":"https:\/\/kopingsmusteri.se\/en\/wp-json\/wp\/v2\/comments?post=3042"}],"wp:featuredmedia":[{"embeddable":true,"href":"https:\/\/kopingsmusteri.se\/en\/wp-json\/wp\/v2\/media\/3119"}],"wp:attachment":[{"href":"https:\/\/kopingsmusteri.se\/en\/wp-json\/wp\/v2\/media?parent=3042"}],"wp:term":[{"taxonomy":"product_brand","embeddable":true,"href":"https:\/\/kopingsmusteri.se\/en\/wp-json\/wp\/v2\/product_brand?post=3042"},{"taxonomy":"product_cat","embeddable":true,"href":"https:\/\/kopingsmusteri.se\/en\/wp-json\/wp\/v2\/product_cat?post=3042"},{"taxonomy":"product_tag","embeddable":true,"href":"https:\/\/kopingsmusteri.se\/en\/wp-json\/wp\/v2\/product_tag?post=3042"}],"curies":[{"name":"wp","href":"https:\/\/api.w.org\/{rel}","templated":true}]}}