{"id":3045,"date":"2025-03-17T15:22:51","date_gmt":"2025-03-17T14:22:51","guid":{"rendered":"https:\/\/kopingsmusteri.se\/?post_type=product&#038;p=3045"},"modified":"2025-11-21T14:22:36","modified_gmt":"2025-11-21T13:22:36","slug":"must-relinda-krav","status":"publish","type":"product","link":"https:\/\/kopingsmusteri.se\/en\/product\/must-relinda-krav\/","title":{"rendered":"Must &#8211; Relinda KRAV"},"content":{"rendered":"<p><span style=\"font-weight: 400;\">Ekologisk must p\u00e5 \u00e4ppelsorten Relinda odlad i Bergs \u00c4ppelg\u00e5rd.<br \/>\n<\/span><span style=\"font-weight: 400;\">Doft av gula krusb\u00e4r och gr\u00f6na \u00e4pplen och gr\u00f6na russin. Relinda \u00e4r ett lite lurigt \u00e4pple med sin gr\u00f6na syra som v\u00e4xer sig fram bakom det \u00e4ppliga f\u00f6rsta intrycket av torkad frukt. Avslutande str\u00e4v med l\u00e5ng eftersmak.<\/span><\/p>","protected":false},"excerpt":{"rendered":"<p>Ekologisk must p\u00e5 \u00e4ppelsorten Relinda odlad i Bergs \u00c4ppelg\u00e5rd. Doft av gula krusb\u00e4r och gr\u00f6na \u00e4pplen och gr\u00f6na russin. Relinda \u00e4r ett lite lurigt \u00e4pple med sin gr\u00f6na syra som v\u00e4xer sig fram bakom det \u00e4ppliga f\u00f6rsta intrycket av torkad frukt. Avslutande str\u00e4v med l\u00e5ng eftersmak.<\/p>","protected":false},"featured_media":3326,"comment_status":"open","ping_status":"closed","template":"","meta":{"_kad_post_transparent":"default","_kad_post_title":"","_kad_post_layout":"default","_kad_post_sidebar_id":"","_kad_post_content_style":"default","_kad_post_vertical_padding":"default","_kad_post_feature":"","_kad_post_feature_position":"","_kad_post_header":false,"_kad_post_footer":false,"_kad_post_classname":""},"product_brand":[],"product_cat":[23],"product_tag":[],"class_list":{"0":"post-3045","1":"product","2":"type-product","3":"status-publish","4":"has-post-thumbnail","6":"product_cat-vara-muster","8":"first","9":"instock","10":"taxable","11":"shipping-taxable","12":"product-type-simple","13":"entry","14":"content-bg","15":"loop-entry"},"_links":{"self":[{"href":"https:\/\/kopingsmusteri.se\/en\/wp-json\/wp\/v2\/product\/3045","targetHints":{"allow":["GET"]}}],"collection":[{"href":"https:\/\/kopingsmusteri.se\/en\/wp-json\/wp\/v2\/product"}],"about":[{"href":"https:\/\/kopingsmusteri.se\/en\/wp-json\/wp\/v2\/types\/product"}],"replies":[{"embeddable":true,"href":"https:\/\/kopingsmusteri.se\/en\/wp-json\/wp\/v2\/comments?post=3045"}],"wp:featuredmedia":[{"embeddable":true,"href":"https:\/\/kopingsmusteri.se\/en\/wp-json\/wp\/v2\/media\/3326"}],"wp:attachment":[{"href":"https:\/\/kopingsmusteri.se\/en\/wp-json\/wp\/v2\/media?parent=3045"}],"wp:term":[{"taxonomy":"product_brand","embeddable":true,"href":"https:\/\/kopingsmusteri.se\/en\/wp-json\/wp\/v2\/product_brand?post=3045"},{"taxonomy":"product_cat","embeddable":true,"href":"https:\/\/kopingsmusteri.se\/en\/wp-json\/wp\/v2\/product_cat?post=3045"},{"taxonomy":"product_tag","embeddable":true,"href":"https:\/\/kopingsmusteri.se\/en\/wp-json\/wp\/v2\/product_tag?post=3045"}],"curies":[{"name":"wp","href":"https:\/\/api.w.org\/{rel}","templated":true}]}}