{"id":3300,"date":"2025-10-08T08:18:39","date_gmt":"2025-10-08T06:18:39","guid":{"rendered":"https:\/\/kopingsmusteri.se\/?post_type=product&#038;p=3300"},"modified":"2026-01-08T12:17:27","modified_gmt":"2026-01-08T11:17:27","slug":"must-barnsten","status":"publish","type":"product","link":"https:\/\/kopingsmusteri.se\/en\/product\/must-barnsten\/","title":{"rendered":"Must &#8211; B\u00e4rnsten KRAV"},"content":{"rendered":"<p><span style=\"font-weight: 400;\">Romfatslagrad \u00e4ppelmust. En \u00e4ppelmust av tv\u00e5 smakrika \u00e4ppelsorter som f\u00e5tt smak av ett romfat av kastanj. En smakrik, l\u00e5galkoholhaltig avec eller dessertdryck med fr\u00e4sch, fruktig bakgrund till tonerna av s\u00e5v\u00e4l fatet som romen. Passar \u00e4ven utm\u00e4rkt till ost.<\/span><\/p>","protected":false},"excerpt":{"rendered":"<p>Romfatslagrad \u00e4ppelmust. En \u00e4ppelmust av tv\u00e5 smakrika \u00e4ppelsorter som f\u00e5tt smak av ett romfat av kastanj. En smakrik, l\u00e5galkoholhaltig avec eller dessertdryck med fr\u00e4sch, fruktig bakgrund till tonerna av s\u00e5v\u00e4l fatet som romen. Passar \u00e4ven utm\u00e4rkt till ost.<\/p>","protected":false},"featured_media":3377,"comment_status":"open","ping_status":"closed","template":"","meta":{"_kad_post_transparent":"default","_kad_post_title":"","_kad_post_layout":"default","_kad_post_sidebar_id":"","_kad_post_content_style":"default","_kad_post_vertical_padding":"default","_kad_post_feature":"","_kad_post_feature_position":"","_kad_post_header":false,"_kad_post_footer":false,"_kad_post_classname":""},"product_brand":[],"product_cat":[23],"product_tag":[],"class_list":{"0":"post-3300","1":"product","2":"type-product","3":"status-publish","4":"has-post-thumbnail","6":"product_cat-vara-muster","8":"first","9":"instock","10":"taxable","11":"shipping-taxable","12":"product-type-simple","13":"entry","14":"content-bg","15":"loop-entry"},"_links":{"self":[{"href":"https:\/\/kopingsmusteri.se\/en\/wp-json\/wp\/v2\/product\/3300","targetHints":{"allow":["GET"]}}],"collection":[{"href":"https:\/\/kopingsmusteri.se\/en\/wp-json\/wp\/v2\/product"}],"about":[{"href":"https:\/\/kopingsmusteri.se\/en\/wp-json\/wp\/v2\/types\/product"}],"replies":[{"embeddable":true,"href":"https:\/\/kopingsmusteri.se\/en\/wp-json\/wp\/v2\/comments?post=3300"}],"wp:featuredmedia":[{"embeddable":true,"href":"https:\/\/kopingsmusteri.se\/en\/wp-json\/wp\/v2\/media\/3377"}],"wp:attachment":[{"href":"https:\/\/kopingsmusteri.se\/en\/wp-json\/wp\/v2\/media?parent=3300"}],"wp:term":[{"taxonomy":"product_brand","embeddable":true,"href":"https:\/\/kopingsmusteri.se\/en\/wp-json\/wp\/v2\/product_brand?post=3300"},{"taxonomy":"product_cat","embeddable":true,"href":"https:\/\/kopingsmusteri.se\/en\/wp-json\/wp\/v2\/product_cat?post=3300"},{"taxonomy":"product_tag","embeddable":true,"href":"https:\/\/kopingsmusteri.se\/en\/wp-json\/wp\/v2\/product_tag?post=3300"}],"curies":[{"name":"wp","href":"https:\/\/api.w.org\/{rel}","templated":true}]}}