{"id":3356,"date":"2025-12-01T11:50:19","date_gmt":"2025-12-01T10:50:19","guid":{"rendered":"https:\/\/kopingsmusteri.se\/?post_type=product&#038;p=3356"},"modified":"2026-01-08T12:28:54","modified_gmt":"2026-01-08T11:28:54","slug":"must-cloudberry","status":"publish","type":"product","link":"https:\/\/kopingsmusteri.se\/en\/product\/must-cloudberry\/","title":{"rendered":"Must &#8211; Cloudberry &#038; Apple"},"content":{"rendered":"<p><span style=\"font-weight: 400;\">Mjuk, fin doft av hjortron framf\u00f6r en bakomliggande \u00e4ppelsyra. Syrlig kropp med fina, luftiga toner av hjortron. Avslutande skaltoner av \u00e4pplet lyfter \u00e4ven fr\u00e4sch\u00f6ren i hjortronen.<\/span><\/p>","protected":false},"excerpt":{"rendered":"<p>Mjuk, fin doft av hjortron framf\u00f6r en bakomliggande \u00e4ppelsyra. Syrlig kropp med fina, luftiga toner av hjortron. Avslutande skaltoner av \u00e4pplet lyfter \u00e4ven fr\u00e4sch\u00f6ren i hjortronen.<\/p>","protected":false},"featured_media":3380,"comment_status":"open","ping_status":"closed","template":"","meta":{"_kad_post_transparent":"default","_kad_post_title":"","_kad_post_layout":"default","_kad_post_sidebar_id":"","_kad_post_content_style":"default","_kad_post_vertical_padding":"default","_kad_post_feature":"","_kad_post_feature_position":"","_kad_post_header":false,"_kad_post_footer":false,"_kad_post_classname":""},"product_brand":[],"product_cat":[23],"product_tag":[],"class_list":{"0":"post-3356","1":"product","2":"type-product","3":"status-publish","4":"has-post-thumbnail","6":"product_cat-vara-muster","8":"first","9":"instock","10":"taxable","11":"shipping-taxable","12":"product-type-simple","13":"entry","14":"content-bg","15":"loop-entry"},"_links":{"self":[{"href":"https:\/\/kopingsmusteri.se\/en\/wp-json\/wp\/v2\/product\/3356","targetHints":{"allow":["GET"]}}],"collection":[{"href":"https:\/\/kopingsmusteri.se\/en\/wp-json\/wp\/v2\/product"}],"about":[{"href":"https:\/\/kopingsmusteri.se\/en\/wp-json\/wp\/v2\/types\/product"}],"replies":[{"embeddable":true,"href":"https:\/\/kopingsmusteri.se\/en\/wp-json\/wp\/v2\/comments?post=3356"}],"wp:featuredmedia":[{"embeddable":true,"href":"https:\/\/kopingsmusteri.se\/en\/wp-json\/wp\/v2\/media\/3380"}],"wp:attachment":[{"href":"https:\/\/kopingsmusteri.se\/en\/wp-json\/wp\/v2\/media?parent=3356"}],"wp:term":[{"taxonomy":"product_brand","embeddable":true,"href":"https:\/\/kopingsmusteri.se\/en\/wp-json\/wp\/v2\/product_brand?post=3356"},{"taxonomy":"product_cat","embeddable":true,"href":"https:\/\/kopingsmusteri.se\/en\/wp-json\/wp\/v2\/product_cat?post=3356"},{"taxonomy":"product_tag","embeddable":true,"href":"https:\/\/kopingsmusteri.se\/en\/wp-json\/wp\/v2\/product_tag?post=3356"}],"curies":[{"name":"wp","href":"https:\/\/api.w.org\/{rel}","templated":true}]}}