{"id":3374,"date":"2026-01-08T12:00:05","date_gmt":"2026-01-08T11:00:05","guid":{"rendered":"https:\/\/kopingsmusteri.se\/?post_type=product&#038;p=3374"},"modified":"2026-01-08T12:14:40","modified_gmt":"2026-01-08T11:14:40","slug":"must-pors-lingonberry","status":"publish","type":"product","link":"https:\/\/kopingsmusteri.se\/en\/product\/must-pors-lingonberry\/","title":{"rendered":"Must &#8211; Pors &#038; Lingonberry"},"content":{"rendered":"<p><span style=\"font-weight: 400;\">Doftar \u00f6rtigt, skog och frukigt. Pors \u00e4r en v\u00e4xt som traditionellt anv\u00e4nts som kryddning av sprit och \u00f6l bland annat f\u00f6r sin \u00f6rtiga smak och mjuka beska. Tillsammans med lingonen i musten f\u00e5r drycken en h\u00e4rlig smak av skogen med len smak av \u00e4pple i bakgrunden.<\/span><\/p>","protected":false},"excerpt":{"rendered":"<p>Doftar \u00f6rtigt, skog och frukigt. Pors \u00e4r en v\u00e4xt som traditionellt anv\u00e4nts som kryddning av sprit och \u00f6l bland annat f\u00f6r sin \u00f6rtiga smak och mjuka beska. Tillsammans med lingonen i musten f\u00e5r drycken en h\u00e4rlig smak av skogen med len smak av \u00e4pple i bakgrunden.<\/p>","protected":false},"featured_media":3376,"comment_status":"open","ping_status":"closed","template":"","meta":{"_kad_post_transparent":"default","_kad_post_title":"","_kad_post_layout":"default","_kad_post_sidebar_id":"","_kad_post_content_style":"default","_kad_post_vertical_padding":"default","_kad_post_feature":"","_kad_post_feature_position":"","_kad_post_header":false,"_kad_post_footer":false,"_kad_post_classname":""},"product_brand":[],"product_cat":[23],"product_tag":[],"class_list":{"0":"post-3374","1":"product","2":"type-product","3":"status-publish","4":"has-post-thumbnail","6":"product_cat-vara-muster","8":"first","9":"instock","10":"taxable","11":"shipping-taxable","12":"product-type-simple","13":"entry","14":"content-bg","15":"loop-entry"},"_links":{"self":[{"href":"https:\/\/kopingsmusteri.se\/en\/wp-json\/wp\/v2\/product\/3374","targetHints":{"allow":["GET"]}}],"collection":[{"href":"https:\/\/kopingsmusteri.se\/en\/wp-json\/wp\/v2\/product"}],"about":[{"href":"https:\/\/kopingsmusteri.se\/en\/wp-json\/wp\/v2\/types\/product"}],"replies":[{"embeddable":true,"href":"https:\/\/kopingsmusteri.se\/en\/wp-json\/wp\/v2\/comments?post=3374"}],"wp:featuredmedia":[{"embeddable":true,"href":"https:\/\/kopingsmusteri.se\/en\/wp-json\/wp\/v2\/media\/3376"}],"wp:attachment":[{"href":"https:\/\/kopingsmusteri.se\/en\/wp-json\/wp\/v2\/media?parent=3374"}],"wp:term":[{"taxonomy":"product_brand","embeddable":true,"href":"https:\/\/kopingsmusteri.se\/en\/wp-json\/wp\/v2\/product_brand?post=3374"},{"taxonomy":"product_cat","embeddable":true,"href":"https:\/\/kopingsmusteri.se\/en\/wp-json\/wp\/v2\/product_cat?post=3374"},{"taxonomy":"product_tag","embeddable":true,"href":"https:\/\/kopingsmusteri.se\/en\/wp-json\/wp\/v2\/product_tag?post=3374"}],"curies":[{"name":"wp","href":"https:\/\/api.w.org\/{rel}","templated":true}]}}