{"id":3502,"date":"2026-05-04T15:40:18","date_gmt":"2026-05-04T13:40:18","guid":{"rendered":"https:\/\/kopingsmusteri.se\/?post_type=product&#038;p=3502"},"modified":"2026-05-04T16:17:12","modified_gmt":"2026-05-04T14:17:12","slug":"cider-hazy-hops","status":"publish","type":"product","link":"https:\/\/kopingsmusteri.se\/en\/product\/cider-hazy-hops\/","title":{"rendered":"Cider &#8211; Hazy Hops"},"content":{"rendered":"<div class=\"elementor-element elementor-element-8e4c13d elementor-widget elementor-widget-text-editor\" data-id=\"8e4c13d\" data-element_type=\"widget\" data-widget_type=\"text-editor.default\">\n<div class=\"elementor-widget-container\">\n<p>Humlemacererad torr cider p\u00e5 f\u00e4rsk humle av blandade \u00e4ppelsorter fr\u00e5n Bergs \u00c4ppelg\u00e5rd och humlekottar fr\u00e5n Hornudden. \u00c4pplen och humle ekologiskt odlade. 5,5%<\/p>\n<\/div>\n<\/div>","protected":false},"excerpt":{"rendered":"<p>Humlemacererad torr cider p\u00e5 f\u00e4rsk humle av blandade \u00e4ppelsorter fr\u00e5n Bergs \u00c4ppelg\u00e5rd och humlekottar fr\u00e5n Hornudden. \u00c4pplen och humle ekologiskt odlade. 5,5%<\/p>","protected":false},"featured_media":3510,"comment_status":"open","ping_status":"closed","template":"","meta":{"_kad_post_transparent":"default","_kad_post_title":"","_kad_post_layout":"default","_kad_post_sidebar_id":"","_kad_post_content_style":"default","_kad_post_vertical_padding":"default","_kad_post_feature":"","_kad_post_feature_position":"","_kad_post_header":false,"_kad_post_footer":false,"_kad_post_classname":""},"product_brand":[],"product_cat":[22],"product_tag":[],"class_list":{"0":"post-3502","1":"product","2":"type-product","3":"status-publish","4":"has-post-thumbnail","6":"product_cat-vara-cidrar","8":"first","9":"instock","10":"taxable","11":"shipping-taxable","12":"product-type-simple","13":"entry","14":"content-bg","15":"loop-entry"},"_links":{"self":[{"href":"https:\/\/kopingsmusteri.se\/en\/wp-json\/wp\/v2\/product\/3502","targetHints":{"allow":["GET"]}}],"collection":[{"href":"https:\/\/kopingsmusteri.se\/en\/wp-json\/wp\/v2\/product"}],"about":[{"href":"https:\/\/kopingsmusteri.se\/en\/wp-json\/wp\/v2\/types\/product"}],"replies":[{"embeddable":true,"href":"https:\/\/kopingsmusteri.se\/en\/wp-json\/wp\/v2\/comments?post=3502"}],"wp:featuredmedia":[{"embeddable":true,"href":"https:\/\/kopingsmusteri.se\/en\/wp-json\/wp\/v2\/media\/3510"}],"wp:attachment":[{"href":"https:\/\/kopingsmusteri.se\/en\/wp-json\/wp\/v2\/media?parent=3502"}],"wp:term":[{"taxonomy":"product_brand","embeddable":true,"href":"https:\/\/kopingsmusteri.se\/en\/wp-json\/wp\/v2\/product_brand?post=3502"},{"taxonomy":"product_cat","embeddable":true,"href":"https:\/\/kopingsmusteri.se\/en\/wp-json\/wp\/v2\/product_cat?post=3502"},{"taxonomy":"product_tag","embeddable":true,"href":"https:\/\/kopingsmusteri.se\/en\/wp-json\/wp\/v2\/product_tag?post=3502"}],"curies":[{"name":"wp","href":"https:\/\/api.w.org\/{rel}","templated":true}]}}