{"id":3503,"date":"2026-05-04T15:41:28","date_gmt":"2026-05-04T13:41:28","guid":{"rendered":"https:\/\/kopingsmusteri.se\/?post_type=product&#038;p=3503"},"modified":"2026-05-04T16:15:53","modified_gmt":"2026-05-04T14:15:53","slug":"cider-golden-blend","status":"publish","type":"product","link":"https:\/\/kopingsmusteri.se\/en\/product\/cider-golden-blend\/","title":{"rendered":"Cider &#8211; Golden Blend"},"content":{"rendered":"<div class=\"elementor-element elementor-element-8e4c13d elementor-widget elementor-widget-text-editor\" data-id=\"8e4c13d\" data-element_type=\"widget\" data-widget_type=\"text-editor.default\">\n<div class=\"elementor-widget-container\">\n<div class=\"elementor-element elementor-element-b4fe12a elementor-widget elementor-widget-text-editor\" data-id=\"b4fe12a\" data-element_type=\"widget\" data-widget_type=\"text-editor.default\">\n<div class=\"elementor-widget-container\">\n<div class=\"elementor-element elementor-element-1d8fa9d elementor-widget elementor-widget-text-editor\" data-id=\"1d8fa9d\" data-element_type=\"widget\" data-widget_type=\"text-editor.default\">\n<div class=\"elementor-widget-container\">\n<div class=\"elementor-element elementor-element-b5cb70c elementor-widget elementor-widget-text-editor\" data-id=\"b5cb70c\" data-element_type=\"widget\" data-widget_type=\"text-editor.default\">\n<div class=\"elementor-widget-container\">\n<div class=\"elementor-element elementor-element-5d757cb elementor-widget elementor-widget-text-editor\" data-id=\"5d757cb\" data-element_type=\"widget\" data-widget_type=\"text-editor.default\">\n<div class=\"elementor-widget-container\">\n<p>Torr cider p\u00e5 tv\u00e5 \u00e4ppelsorter Melrose och Angold, b\u00e5da ekologiskt odlade i Bergs \u00c4ppelg\u00e5rd. En stram, torr och elegant cider perfekt till ost och skaldjur. 6,5%<\/p>\n<\/div>\n<\/div>\n<\/div>\n<\/div>\n<\/div>\n<\/div>\n<\/div>\n<\/div>\n<\/div>\n<\/div>","protected":false},"excerpt":{"rendered":"<p>Torr cider p\u00e5 tv\u00e5 \u00e4ppelsorter Melrose och Angold, b\u00e5da ekologiskt odlade i Bergs \u00c4ppelg\u00e5rd. En stram, torr och elegant cider perfekt till ost och skaldjur. 6,5%<\/p>","protected":false},"featured_media":3508,"comment_status":"open","ping_status":"closed","template":"","meta":{"_kad_post_transparent":"default","_kad_post_title":"","_kad_post_layout":"default","_kad_post_sidebar_id":"","_kad_post_content_style":"default","_kad_post_vertical_padding":"default","_kad_post_feature":"","_kad_post_feature_position":"","_kad_post_header":false,"_kad_post_footer":false,"_kad_post_classname":""},"product_brand":[],"product_cat":[22],"product_tag":[],"class_list":{"0":"post-3503","1":"product","2":"type-product","3":"status-publish","4":"has-post-thumbnail","6":"product_cat-vara-cidrar","8":"first","9":"instock","10":"taxable","11":"shipping-taxable","12":"product-type-simple","13":"entry","14":"content-bg","15":"loop-entry"},"_links":{"self":[{"href":"https:\/\/kopingsmusteri.se\/en\/wp-json\/wp\/v2\/product\/3503","targetHints":{"allow":["GET"]}}],"collection":[{"href":"https:\/\/kopingsmusteri.se\/en\/wp-json\/wp\/v2\/product"}],"about":[{"href":"https:\/\/kopingsmusteri.se\/en\/wp-json\/wp\/v2\/types\/product"}],"replies":[{"embeddable":true,"href":"https:\/\/kopingsmusteri.se\/en\/wp-json\/wp\/v2\/comments?post=3503"}],"wp:featuredmedia":[{"embeddable":true,"href":"https:\/\/kopingsmusteri.se\/en\/wp-json\/wp\/v2\/media\/3508"}],"wp:attachment":[{"href":"https:\/\/kopingsmusteri.se\/en\/wp-json\/wp\/v2\/media?parent=3503"}],"wp:term":[{"taxonomy":"product_brand","embeddable":true,"href":"https:\/\/kopingsmusteri.se\/en\/wp-json\/wp\/v2\/product_brand?post=3503"},{"taxonomy":"product_cat","embeddable":true,"href":"https:\/\/kopingsmusteri.se\/en\/wp-json\/wp\/v2\/product_cat?post=3503"},{"taxonomy":"product_tag","embeddable":true,"href":"https:\/\/kopingsmusteri.se\/en\/wp-json\/wp\/v2\/product_tag?post=3503"}],"curies":[{"name":"wp","href":"https:\/\/api.w.org\/{rel}","templated":true}]}}