{"id":3504,"date":"2026-05-04T15:42:51","date_gmt":"2026-05-04T13:42:51","guid":{"rendered":"https:\/\/kopingsmusteri.se\/?post_type=product&#038;p=3504"},"modified":"2026-05-04T16:14:36","modified_gmt":"2026-05-04T14:14:36","slug":"cider-garden-blend","status":"publish","type":"product","link":"https:\/\/kopingsmusteri.se\/en\/product\/cider-garden-blend\/","title":{"rendered":"Cider &#8211; Garden Blend"},"content":{"rendered":"<div class=\"elementor-element elementor-element-8e4c13d elementor-widget elementor-widget-text-editor\" data-id=\"8e4c13d\" data-element_type=\"widget\" data-widget_type=\"text-editor.default\">\n<div class=\"elementor-widget-container\">\n<div class=\"elementor-element elementor-element-b4fe12a elementor-widget elementor-widget-text-editor\" data-id=\"b4fe12a\" data-element_type=\"widget\" data-widget_type=\"text-editor.default\">\n<div class=\"elementor-widget-container\">\n<div class=\"elementor-element elementor-element-1d8fa9d elementor-widget elementor-widget-text-editor\" data-id=\"1d8fa9d\" data-element_type=\"widget\" data-widget_type=\"text-editor.default\">\n<div class=\"elementor-widget-container\">\n<div class=\"elementor-element elementor-element-b5cb70c elementor-widget elementor-widget-text-editor\" data-id=\"b5cb70c\" data-element_type=\"widget\" data-widget_type=\"text-editor.default\">\n<div class=\"elementor-widget-container\">\n<div class=\"elementor-element elementor-element-5d757cb elementor-widget elementor-widget-text-editor\" data-id=\"5d757cb\" data-element_type=\"widget\" data-widget_type=\"text-editor.default\">\n<div class=\"elementor-widget-container\">\n<p>Torr cider p\u00e5 blandade \u00e4ppelsorter fr\u00e5n tr\u00e4dg\u00e5rdens gamla \u00e4ppeltr\u00e4d. En cider till mat med skaltoner, tanniner och r\u00f6da \u00e4pplen. 6,3%<\/p>\n<\/div>\n<\/div>\n<\/div>\n<\/div>\n<\/div>\n<\/div>\n<\/div>\n<\/div>\n<\/div>\n<\/div>\n<div class=\"elementor-element elementor-element-54b042b elementor-widget elementor-widget-toggle\" data-id=\"54b042b\" data-element_type=\"widget\" data-widget_type=\"toggle.default\">\n<div class=\"elementor-widget-container\">\n<div class=\"elementor-toggle\">\n<div class=\"elementor-toggle-item\">\n<div id=\"elementor-tab-title-8881\" class=\"elementor-tab-title elementor-active\" tabindex=\"0\" role=\"button\" data-tab=\"1\" aria-controls=\"elementor-tab-content-8881\" aria-expanded=\"true\" aria-selected=\"true\"><\/div>\n<\/div>\n<\/div>\n<\/div>\n<\/div>","protected":false},"excerpt":{"rendered":"<p>Torr cider p\u00e5 blandade \u00e4ppelsorter fr\u00e5n tr\u00e4dg\u00e5rdens gamla \u00e4ppeltr\u00e4d. En cider till mat med skaltoner, tanniner och r\u00f6da \u00e4pplen. 6,3%<\/p>","protected":false},"featured_media":3507,"comment_status":"open","ping_status":"closed","template":"","meta":{"_kad_post_transparent":"default","_kad_post_title":"","_kad_post_layout":"default","_kad_post_sidebar_id":"","_kad_post_content_style":"default","_kad_post_vertical_padding":"default","_kad_post_feature":"","_kad_post_feature_position":"","_kad_post_header":false,"_kad_post_footer":false,"_kad_post_classname":""},"product_brand":[],"product_cat":[22],"product_tag":[],"class_list":{"0":"post-3504","1":"product","2":"type-product","3":"status-publish","4":"has-post-thumbnail","6":"product_cat-vara-cidrar","8":"first","9":"instock","10":"taxable","11":"shipping-taxable","12":"product-type-simple","13":"entry","14":"content-bg","15":"loop-entry"},"_links":{"self":[{"href":"https:\/\/kopingsmusteri.se\/en\/wp-json\/wp\/v2\/product\/3504","targetHints":{"allow":["GET"]}}],"collection":[{"href":"https:\/\/kopingsmusteri.se\/en\/wp-json\/wp\/v2\/product"}],"about":[{"href":"https:\/\/kopingsmusteri.se\/en\/wp-json\/wp\/v2\/types\/product"}],"replies":[{"embeddable":true,"href":"https:\/\/kopingsmusteri.se\/en\/wp-json\/wp\/v2\/comments?post=3504"}],"wp:featuredmedia":[{"embeddable":true,"href":"https:\/\/kopingsmusteri.se\/en\/wp-json\/wp\/v2\/media\/3507"}],"wp:attachment":[{"href":"https:\/\/kopingsmusteri.se\/en\/wp-json\/wp\/v2\/media?parent=3504"}],"wp:term":[{"taxonomy":"product_brand","embeddable":true,"href":"https:\/\/kopingsmusteri.se\/en\/wp-json\/wp\/v2\/product_brand?post=3504"},{"taxonomy":"product_cat","embeddable":true,"href":"https:\/\/kopingsmusteri.se\/en\/wp-json\/wp\/v2\/product_cat?post=3504"},{"taxonomy":"product_tag","embeddable":true,"href":"https:\/\/kopingsmusteri.se\/en\/wp-json\/wp\/v2\/product_tag?post=3504"}],"curies":[{"name":"wp","href":"https:\/\/api.w.org\/{rel}","templated":true}]}}